{"id":11,"date":"2024-11-28T13:36:42","date_gmt":"2024-11-28T13:36:42","guid":{"rendered":"https:\/\/sitewizard.be\/200gc\/?page_id=11"},"modified":"2025-04-30T12:20:17","modified_gmt":"2025-04-30T12:20:17","slug":"home","status":"publish","type":"page","link":"https:\/\/cgadvocaten.be\/","title":{"rendered":"Home"},"content":{"rendered":"\t\t<div data-elementor-type=\"wp-page\" data-elementor-id=\"11\" class=\"elementor elementor-11\" data-elementor-settings=\"{&quot;ha_cmc_init_switcher&quot;:&quot;no&quot;}\">\n\t\t\t\t<div class=\"elementor-element elementor-element-26e9aa9 e-flex e-con-boxed e-con e-parent\" data-id=\"26e9aa9\" data-element_type=\"container\" data-settings=\"{&quot;background_background&quot;:&quot;classic&quot;,&quot;_ha_eqh_enable&quot;:false}\">\n\t\t\t\t\t<div class=\"e-con-inner\">\n\t\t\t\t<div class=\"elementor-element elementor-element-7c0e7ee elementor-widget elementor-widget-image\" data-id=\"7c0e7ee\" data-element_type=\"widget\" data-widget_type=\"image.default\">\n\t\t\t\t<div class=\"elementor-widget-container\">\n\t\t\t\t\t\t\t\t\t\t\t\t\t\t\t<img decoding=\"async\" width=\"386\" height=\"90\" src=\"https:\/\/cgadvocaten.be\/wp-content\/uploads\/2024\/11\/0d8398dc-033f-48de-9dc2-dada3fa9d623.png\" class=\"attachment-large size-large wp-image-80\" alt=\"\" srcset=\"https:\/\/cgadvocaten.be\/wp-content\/uploads\/2024\/11\/0d8398dc-033f-48de-9dc2-dada3fa9d623.png 386w, https:\/\/cgadvocaten.be\/wp-content\/uploads\/2024\/11\/0d8398dc-033f-48de-9dc2-dada3fa9d623-300x70.png 300w\" sizes=\"(max-width: 386px) 100vw, 386px\" \/>\t\t\t\t\t\t\t\t\t\t\t\t\t\t\t<\/div>\n\t\t\t\t<\/div>\n\t\t\t\t<div class=\"elementor-element elementor-element-fc06a19 elementor-widget elementor-widget-text-editor\" data-id=\"fc06a19\" data-element_type=\"widget\" data-widget_type=\"text-editor.default\">\n\t\t\t\t<div class=\"elementor-widget-container\">\n\t\t\t\t\t\t\t\t\t<p>Zeelsebaan 83 bus Z<\/p>\n<p>9200 Dendermonde (Grembergen)<\/p>\t\t\t\t\t\t\t\t<\/div>\n\t\t\t\t<\/div>\n\t\t\t\t\t<\/div>\n\t\t\t\t<\/div>\n\t\t<div class=\"elementor-element elementor-element-04b235e e-flex e-con-boxed e-con e-parent\" data-id=\"04b235e\" data-element_type=\"container\" data-settings=\"{&quot;_ha_eqh_enable&quot;:false}\">\n\t\t\t\t\t<div class=\"e-con-inner\">\n\t\t<div class=\"elementor-element elementor-element-bd23633 e-con-full e-flex e-con e-child\" data-id=\"bd23633\" data-element_type=\"container\" data-settings=\"{&quot;_ha_eqh_enable&quot;:false}\">\n\t\t\t\t<div class=\"elementor-element elementor-element-47c26b6 elementor-invisible elementor-widget elementor-widget-heading\" data-id=\"47c26b6\" data-element_type=\"widget\" data-settings=\"{&quot;_animation&quot;:&quot;fadeInUp&quot;}\" data-widget_type=\"heading.default\">\n\t\t\t\t<div class=\"elementor-widget-container\">\n\t\t\t\t\t<h2 class=\"elementor-heading-title elementor-size-default\">Matthias Coppens<\/h2>\t\t\t\t<\/div>\n\t\t\t\t<\/div>\n\t\t\t\t<div class=\"elementor-element elementor-element-b58c5ab elementor-widget elementor-widget-text-editor\" data-id=\"b58c5ab\" data-element_type=\"widget\" data-widget_type=\"text-editor.default\">\n\t\t\t\t<div class=\"elementor-widget-container\">\n\t\t\t\t\t\t\t\t\t<p>Dipl\u00f4me d&#8217;Etudes Sp\u00e9cialis\u00e9es en Droit International<\/p><p>BE 0810 700 462<\/p>\t\t\t\t\t\t\t\t<\/div>\n\t\t\t\t<\/div>\n\t\t\t\t<div class=\"elementor-element elementor-element-0b237cb elementor-align-center elementor-icon-list--layout-traditional elementor-list-item-link-full_width elementor-widget elementor-widget-icon-list\" data-id=\"0b237cb\" data-element_type=\"widget\" data-widget_type=\"icon-list.default\">\n\t\t\t\t<div class=\"elementor-widget-container\">\n\t\t\t\t\t\t\t<ul class=\"elementor-icon-list-items\">\n\t\t\t\t\t\t\t<li class=\"elementor-icon-list-item\">\n\t\t\t\t\t\t\t\t\t\t\t<a href=\"tel:0494709717\" target=\"_blank\">\n\n\t\t\t\t\t\t\t\t\t\t\t\t<span class=\"elementor-icon-list-icon\">\n\t\t\t\t\t\t\t<svg aria-hidden=\"true\" class=\"e-font-icon-svg e-fas-phone-alt\" viewBox=\"0 0 512 512\" xmlns=\"http:\/\/www.w3.org\/2000\/svg\"><path d=\"M497.39 361.8l-112-48a24 24 0 0 0-28 6.9l-49.6 60.6A370.66 370.66 0 0 1 130.6 204.11l60.6-49.6a23.94 23.94 0 0 0 6.9-28l-48-112A24.16 24.16 0 0 0 122.6.61l-104 24A24 24 0 0 0 0 48c0 256.5 207.9 464 464 464a24 24 0 0 0 23.4-18.6l24-104a24.29 24.29 0 0 0-14.01-27.6z\"><\/path><\/svg>\t\t\t\t\t\t<\/span>\n\t\t\t\t\t\t\t\t\t\t<span class=\"elementor-icon-list-text\">0494 \/ 70 97 17<\/span>\n\t\t\t\t\t\t\t\t\t\t\t<\/a>\n\t\t\t\t\t\t\t\t\t<\/li>\n\t\t\t\t\t\t\t\t<li class=\"elementor-icon-list-item\">\n\t\t\t\t\t\t\t\t\t\t\t<a href=\"mailto:matthias.coppens@advocaat.be\" target=\"_blank\">\n\n\t\t\t\t\t\t\t\t\t\t\t\t<span class=\"elementor-icon-list-icon\">\n\t\t\t\t\t\t\t<svg aria-hidden=\"true\" class=\"e-font-icon-svg e-fas-envelope\" viewBox=\"0 0 512 512\" xmlns=\"http:\/\/www.w3.org\/2000\/svg\"><path d=\"M502.3 190.8c3.9-3.1 9.7-.2 9.7 4.7V400c0 26.5-21.5 48-48 48H48c-26.5 0-48-21.5-48-48V195.6c0-5 5.7-7.8 9.7-4.7 22.4 17.4 52.1 39.5 154.1 113.6 21.1 15.4 56.7 47.8 92.2 47.6 35.7.3 72-32.8 92.3-47.6 102-74.1 131.6-96.3 154-113.7zM256 320c23.2.4 56.6-29.2 73.4-41.4 132.7-96.3 142.8-104.7 173.4-128.7 5.8-4.5 9.2-11.5 9.2-18.9v-19c0-26.5-21.5-48-48-48H48C21.5 64 0 85.5 0 112v19c0 7.4 3.4 14.3 9.2 18.9 30.6 23.9 40.7 32.4 173.4 128.7 16.8 12.2 50.2 41.8 73.4 41.4z\"><\/path><\/svg>\t\t\t\t\t\t<\/span>\n\t\t\t\t\t\t\t\t\t\t<span class=\"elementor-icon-list-text\">matthias.coppens@advocaat.be<\/span>\n\t\t\t\t\t\t\t\t\t\t\t<\/a>\n\t\t\t\t\t\t\t\t\t<\/li>\n\t\t\t\t\t\t<\/ul>\n\t\t\t\t\t\t<\/div>\n\t\t\t\t<\/div>\n\t\t\t\t<\/div>\n\t\t<div class=\"elementor-element elementor-element-e6e00f4 e-con-full e-flex e-con e-child\" data-id=\"e6e00f4\" data-element_type=\"container\" data-settings=\"{&quot;_ha_eqh_enable&quot;:false}\">\n\t\t\t\t<div class=\"elementor-element elementor-element-66c8454 elementor-invisible elementor-widget elementor-widget-heading\" data-id=\"66c8454\" data-element_type=\"widget\" data-settings=\"{&quot;_animation&quot;:&quot;fadeInUp&quot;}\" data-widget_type=\"heading.default\">\n\t\t\t\t<div class=\"elementor-widget-container\">\n\t\t\t\t\t<h2 class=\"elementor-heading-title elementor-size-default\">Janne Goossens<\/h2>\t\t\t\t<\/div>\n\t\t\t\t<\/div>\n\t\t\t\t<div class=\"elementor-element elementor-element-e85b72d elementor-widget elementor-widget-text-editor\" data-id=\"e85b72d\" data-element_type=\"widget\" data-widget_type=\"text-editor.default\">\n\t\t\t\t<div class=\"elementor-widget-container\">\n\t\t\t\t\t\t\t\t\t<p>Bijz. Opleiding Jeugdrecht\/Supralat Salduz verhoor<\/p><p>BE 0700 767 095<\/p>\t\t\t\t\t\t\t\t<\/div>\n\t\t\t\t<\/div>\n\t\t\t\t<div class=\"elementor-element elementor-element-2320275 elementor-align-center elementor-icon-list--layout-traditional elementor-list-item-link-full_width elementor-widget elementor-widget-icon-list\" data-id=\"2320275\" data-element_type=\"widget\" data-widget_type=\"icon-list.default\">\n\t\t\t\t<div class=\"elementor-widget-container\">\n\t\t\t\t\t\t\t<ul class=\"elementor-icon-list-items\">\n\t\t\t\t\t\t\t<li class=\"elementor-icon-list-item\">\n\t\t\t\t\t\t\t\t\t\t\t<a href=\"tel:0475268126\" target=\"_blank\">\n\n\t\t\t\t\t\t\t\t\t\t\t\t<span class=\"elementor-icon-list-icon\">\n\t\t\t\t\t\t\t<svg aria-hidden=\"true\" class=\"e-font-icon-svg e-fas-phone-alt\" viewBox=\"0 0 512 512\" xmlns=\"http:\/\/www.w3.org\/2000\/svg\"><path d=\"M497.39 361.8l-112-48a24 24 0 0 0-28 6.9l-49.6 60.6A370.66 370.66 0 0 1 130.6 204.11l60.6-49.6a23.94 23.94 0 0 0 6.9-28l-48-112A24.16 24.16 0 0 0 122.6.61l-104 24A24 24 0 0 0 0 48c0 256.5 207.9 464 464 464a24 24 0 0 0 23.4-18.6l24-104a24.29 24.29 0 0 0-14.01-27.6z\"><\/path><\/svg>\t\t\t\t\t\t<\/span>\n\t\t\t\t\t\t\t\t\t\t<span class=\"elementor-icon-list-text\">0475 \/ 26 81 26<\/span>\n\t\t\t\t\t\t\t\t\t\t\t<\/a>\n\t\t\t\t\t\t\t\t\t<\/li>\n\t\t\t\t\t\t\t\t<li class=\"elementor-icon-list-item\">\n\t\t\t\t\t\t\t\t\t\t\t<a href=\"mailto:janne.goossens@advocaat.be\" target=\"_blank\">\n\n\t\t\t\t\t\t\t\t\t\t\t\t<span class=\"elementor-icon-list-icon\">\n\t\t\t\t\t\t\t<svg aria-hidden=\"true\" class=\"e-font-icon-svg e-fas-envelope\" viewBox=\"0 0 512 512\" xmlns=\"http:\/\/www.w3.org\/2000\/svg\"><path d=\"M502.3 190.8c3.9-3.1 9.7-.2 9.7 4.7V400c0 26.5-21.5 48-48 48H48c-26.5 0-48-21.5-48-48V195.6c0-5 5.7-7.8 9.7-4.7 22.4 17.4 52.1 39.5 154.1 113.6 21.1 15.4 56.7 47.8 92.2 47.6 35.7.3 72-32.8 92.3-47.6 102-74.1 131.6-96.3 154-113.7zM256 320c23.2.4 56.6-29.2 73.4-41.4 132.7-96.3 142.8-104.7 173.4-128.7 5.8-4.5 9.2-11.5 9.2-18.9v-19c0-26.5-21.5-48-48-48H48C21.5 64 0 85.5 0 112v19c0 7.4 3.4 14.3 9.2 18.9 30.6 23.9 40.7 32.4 173.4 128.7 16.8 12.2 50.2 41.8 73.4 41.4z\"><\/path><\/svg>\t\t\t\t\t\t<\/span>\n\t\t\t\t\t\t\t\t\t\t<span class=\"elementor-icon-list-text\">janne.goossens@advocaat.be<\/span>\n\t\t\t\t\t\t\t\t\t\t\t<\/a>\n\t\t\t\t\t\t\t\t\t<\/li>\n\t\t\t\t\t\t<\/ul>\n\t\t\t\t\t\t<\/div>\n\t\t\t\t<\/div>\n\t\t\t\t<\/div>\n\t\t\t\t\t<\/div>\n\t\t\t\t<\/div>\n\t\t<div class=\"elementor-element elementor-element-9631175 e-con-full e-flex elementor-invisible e-con e-parent\" data-id=\"9631175\" data-element_type=\"container\" data-settings=\"{&quot;animation&quot;:&quot;bounceInLeft&quot;,&quot;_ha_eqh_enable&quot;:false}\">\n\t\t\t\t<div class=\"elementor-element elementor-element-b9c780f elementor-widget elementor-widget-heading\" data-id=\"b9c780f\" data-element_type=\"widget\" data-widget_type=\"heading.default\">\n\t\t\t\t<div class=\"elementor-widget-container\">\n\t\t\t\t\t<h2 class=\"elementor-heading-title elementor-size-default\">momenteel bouwen wij aan een nieuwe website<\/h2>\t\t\t\t<\/div>\n\t\t\t\t<\/div>\n\t\t\t\t<\/div>\n\t\t\t\t<\/div>\n\t\t","protected":false},"excerpt":{"rendered":"<p>Zeelsebaan 83 bus Z 9200 Dendermonde (Grembergen) Matthias Coppens Dipl\u00f4me d&#8217;Etudes Sp\u00e9cialis\u00e9es en Droit International BE 0810 700 462 0494 \/ 70 97 17 matthias.coppens@advocaat.be Janne Goossens Bijz. Opleiding Jeugdrecht\/Supralat Salduz verhoor BE 0700 767 095 0475 \/ 26 81 26 janne.goossens@advocaat.be momenteel bouwen wij aan een nieuwe website<\/p>\n","protected":false},"author":1,"featured_media":0,"parent":0,"menu_order":0,"comment_status":"closed","ping_status":"closed","template":"","meta":{"footnotes":""},"class_list":["post-11","page","type-page","status-publish","hentry"],"yoast_head":"<!-- This site is optimized with the Yoast SEO plugin v25.0 - https:\/\/yoast.com\/wordpress\/plugins\/seo\/ -->\n<title>Home - CG Advocaten<\/title>\n<meta name=\"description\" content=\"CG Advocaten.be Groepering van advocaten te Dendermonde: Matthias Coppens 0494\/709717 &amp; Janne Goossens 0475\/268126\" \/>\n<meta name=\"robots\" content=\"index, follow, max-snippet:-1, max-image-preview:large, max-video-preview:-1\" \/>\n<link rel=\"canonical\" href=\"https:\/\/cgadvocaten.be\/\" \/>\n<meta property=\"og:locale\" content=\"nl_BE\" \/>\n<meta property=\"og:type\" content=\"article\" \/>\n<meta property=\"og:title\" content=\"Home - CG Advocaten\" \/>\n<meta property=\"og:description\" content=\"CG Advocaten.be Groepering van advocaten te Dendermonde: Matthias Coppens 0494\/709717 &amp; Janne Goossens 0475\/268126\" \/>\n<meta property=\"og:url\" content=\"https:\/\/cgadvocaten.be\/\" \/>\n<meta property=\"og:site_name\" content=\"CG Advocaten\" \/>\n<meta property=\"article:modified_time\" content=\"2025-04-30T12:20:17+00:00\" \/>\n<meta property=\"og:image\" content=\"https:\/\/cgadvocaten.be\/wp-content\/uploads\/2024\/11\/0d8398dc-033f-48de-9dc2-dada3fa9d623.png\" \/>\n<meta name=\"twitter:card\" content=\"summary_large_image\" \/>\n<meta name=\"twitter:label1\" content=\"Geschatte leestijd\" \/>\n\t<meta name=\"twitter:data1\" content=\"1 minuut\" \/>\n<script type=\"application\/ld+json\" class=\"yoast-schema-graph\">{\"@context\":\"https:\/\/schema.org\",\"@graph\":[{\"@type\":\"WebPage\",\"@id\":\"https:\/\/cgadvocaten.be\/\",\"url\":\"https:\/\/cgadvocaten.be\/\",\"name\":\"Home - CG Advocaten\",\"isPartOf\":{\"@id\":\"https:\/\/cgadvocaten.be\/#website\"},\"primaryImageOfPage\":{\"@id\":\"https:\/\/cgadvocaten.be\/#primaryimage\"},\"image\":{\"@id\":\"https:\/\/cgadvocaten.be\/#primaryimage\"},\"thumbnailUrl\":\"https:\/\/cgadvocaten.be\/wp-content\/uploads\/2024\/11\/0d8398dc-033f-48de-9dc2-dada3fa9d623.png\",\"datePublished\":\"2024-11-28T13:36:42+00:00\",\"dateModified\":\"2025-04-30T12:20:17+00:00\",\"description\":\"CG Advocaten.be Groepering van advocaten te Dendermonde: Matthias Coppens 0494\/709717 & Janne Goossens 0475\/268126\",\"breadcrumb\":{\"@id\":\"https:\/\/cgadvocaten.be\/#breadcrumb\"},\"inLanguage\":\"nl-BE\",\"potentialAction\":[{\"@type\":\"ReadAction\",\"target\":[\"https:\/\/cgadvocaten.be\/\"]}]},{\"@type\":\"ImageObject\",\"inLanguage\":\"nl-BE\",\"@id\":\"https:\/\/cgadvocaten.be\/#primaryimage\",\"url\":\"https:\/\/cgadvocaten.be\/wp-content\/uploads\/2024\/11\/0d8398dc-033f-48de-9dc2-dada3fa9d623.png\",\"contentUrl\":\"https:\/\/cgadvocaten.be\/wp-content\/uploads\/2024\/11\/0d8398dc-033f-48de-9dc2-dada3fa9d623.png\",\"width\":386,\"height\":90},{\"@type\":\"BreadcrumbList\",\"@id\":\"https:\/\/cgadvocaten.be\/#breadcrumb\",\"itemListElement\":[{\"@type\":\"ListItem\",\"position\":1,\"name\":\"Home\",\"item\":\"https:\/\/cgadvocaten.be\/\"},{\"@type\":\"ListItem\",\"position\":2,\"name\":\"Home\"}]},{\"@type\":\"WebSite\",\"@id\":\"https:\/\/cgadvocaten.be\/#website\",\"url\":\"https:\/\/cgadvocaten.be\/\",\"name\":\"CG Advocaten\",\"description\":\"\",\"potentialAction\":[{\"@type\":\"SearchAction\",\"target\":{\"@type\":\"EntryPoint\",\"urlTemplate\":\"https:\/\/cgadvocaten.be\/?s={search_term_string}\"},\"query-input\":{\"@type\":\"PropertyValueSpecification\",\"valueRequired\":true,\"valueName\":\"search_term_string\"}}],\"inLanguage\":\"nl-BE\"}]}<\/script>\n<!-- \/ Yoast SEO plugin. -->","yoast_head_json":{"title":"Home - CG Advocaten","description":"CG Advocaten.be Groepering van advocaten te Dendermonde: Matthias Coppens 0494\/709717 & Janne Goossens 0475\/268126","robots":{"index":"index","follow":"follow","max-snippet":"max-snippet:-1","max-image-preview":"max-image-preview:large","max-video-preview":"max-video-preview:-1"},"canonical":"https:\/\/cgadvocaten.be\/","og_locale":"nl_BE","og_type":"article","og_title":"Home - CG Advocaten","og_description":"CG Advocaten.be Groepering van advocaten te Dendermonde: Matthias Coppens 0494\/709717 & Janne Goossens 0475\/268126","og_url":"https:\/\/cgadvocaten.be\/","og_site_name":"CG Advocaten","article_modified_time":"2025-04-30T12:20:17+00:00","og_image":[{"url":"https:\/\/cgadvocaten.be\/wp-content\/uploads\/2024\/11\/0d8398dc-033f-48de-9dc2-dada3fa9d623.png","type":"","width":"","height":""}],"twitter_card":"summary_large_image","twitter_misc":{"Geschatte leestijd":"1 minuut"},"schema":{"@context":"https:\/\/schema.org","@graph":[{"@type":"WebPage","@id":"https:\/\/cgadvocaten.be\/","url":"https:\/\/cgadvocaten.be\/","name":"Home - CG Advocaten","isPartOf":{"@id":"https:\/\/cgadvocaten.be\/#website"},"primaryImageOfPage":{"@id":"https:\/\/cgadvocaten.be\/#primaryimage"},"image":{"@id":"https:\/\/cgadvocaten.be\/#primaryimage"},"thumbnailUrl":"https:\/\/cgadvocaten.be\/wp-content\/uploads\/2024\/11\/0d8398dc-033f-48de-9dc2-dada3fa9d623.png","datePublished":"2024-11-28T13:36:42+00:00","dateModified":"2025-04-30T12:20:17+00:00","description":"CG Advocaten.be Groepering van advocaten te Dendermonde: Matthias Coppens 0494\/709717 & Janne Goossens 0475\/268126","breadcrumb":{"@id":"https:\/\/cgadvocaten.be\/#breadcrumb"},"inLanguage":"nl-BE","potentialAction":[{"@type":"ReadAction","target":["https:\/\/cgadvocaten.be\/"]}]},{"@type":"ImageObject","inLanguage":"nl-BE","@id":"https:\/\/cgadvocaten.be\/#primaryimage","url":"https:\/\/cgadvocaten.be\/wp-content\/uploads\/2024\/11\/0d8398dc-033f-48de-9dc2-dada3fa9d623.png","contentUrl":"https:\/\/cgadvocaten.be\/wp-content\/uploads\/2024\/11\/0d8398dc-033f-48de-9dc2-dada3fa9d623.png","width":386,"height":90},{"@type":"BreadcrumbList","@id":"https:\/\/cgadvocaten.be\/#breadcrumb","itemListElement":[{"@type":"ListItem","position":1,"name":"Home","item":"https:\/\/cgadvocaten.be\/"},{"@type":"ListItem","position":2,"name":"Home"}]},{"@type":"WebSite","@id":"https:\/\/cgadvocaten.be\/#website","url":"https:\/\/cgadvocaten.be\/","name":"CG Advocaten","description":"","potentialAction":[{"@type":"SearchAction","target":{"@type":"EntryPoint","urlTemplate":"https:\/\/cgadvocaten.be\/?s={search_term_string}"},"query-input":{"@type":"PropertyValueSpecification","valueRequired":true,"valueName":"search_term_string"}}],"inLanguage":"nl-BE"}]}},"_links":{"self":[{"href":"https:\/\/cgadvocaten.be\/index.php\/wp-json\/wp\/v2\/pages\/11","targetHints":{"allow":["GET"]}}],"collection":[{"href":"https:\/\/cgadvocaten.be\/index.php\/wp-json\/wp\/v2\/pages"}],"about":[{"href":"https:\/\/cgadvocaten.be\/index.php\/wp-json\/wp\/v2\/types\/page"}],"author":[{"embeddable":true,"href":"https:\/\/cgadvocaten.be\/index.php\/wp-json\/wp\/v2\/users\/1"}],"replies":[{"embeddable":true,"href":"https:\/\/cgadvocaten.be\/index.php\/wp-json\/wp\/v2\/comments?post=11"}],"version-history":[{"count":331,"href":"https:\/\/cgadvocaten.be\/index.php\/wp-json\/wp\/v2\/pages\/11\/revisions"}],"predecessor-version":[{"id":541,"href":"https:\/\/cgadvocaten.be\/index.php\/wp-json\/wp\/v2\/pages\/11\/revisions\/541"}],"wp:attachment":[{"href":"https:\/\/cgadvocaten.be\/index.php\/wp-json\/wp\/v2\/media?parent=11"}],"curies":[{"name":"wp","href":"https:\/\/api.w.org\/{rel}","templated":true}]}}